{"id":1373,"date":"2016-04-12T04:08:48","date_gmt":"2016-04-12T04:08:48","guid":{"rendered":"http:\/\/highzsfishingtours.com\/?page_id=1373"},"modified":"2016-06-28T00:30:08","modified_gmt":"2016-06-28T00:30:08","slug":"pesca-de-fondo","status":"publish","type":"page","link":"https:\/\/highzsfishingtours.com\/es\/tours\/pesca-de-fondo\/","title":{"rendered":"Pesca de Fondo"},"content":{"rendered":"<div class=\"wpb-content-wrapper\">[vc_row][vc_column][vc_row_inner][vc_column_inner width=\u00bb2\/3&#8243;][vc_custom_heading text=\u00bbPesca de Fondo en Puerto Plata\u00bb font_container=\u00bbtag:h1|text_align:center|color:%231e73be\u00bb google_fonts=\u00bbfont_family:Open%20Sans%3A300%2C300italic%2Cregular%2Citalic%2C600%2C600italic%2C700%2C700italic%2C800%2C800italic|font_style:400%20regular%3A400%3Anormal\u00bb][vc_column_text]<\/p>\n<p style=\"text-align: justify;\">Pesca de Fondo:\u00a0La pesca a fondo desde la costa es una de las modalidades m\u00e1s practicadas en la actualidad, la raz\u00f3n m\u00e1s importante para que esto sea as\u00ed es la de que ofrece a quienes la practican m\u00e1s y mejores resultados que otras t\u00e9cnicas de mar. Y es que en el fondo es donde se encuentran las especies de mayor tama\u00f1o.\u00a0La t\u00e9cnica de pesca a fondo consiste principalmente en situar el anzuelo cebado sobre el fondo, donde habitan diferentes especies marinas que acudir\u00e1n al fest\u00edn.\u00a0Para que de resultados, no s\u00f3lo deberemos conocer la t\u00e9cnica necesario, sino tambi\u00e9n las costumbres y h\u00e1bitats de los diferentes peces.<\/p>\n<p>[\/vc_column_text][\/vc_column_inner][vc_column_inner width=\u00bb1\/3&#8243;][jeg_spacing size=\u00bb25&#8243;][vc_single_image image=\u00bb1424&#8243; img_size=\u00bbfull\u00bb alignment=\u00bbcenter\u00bb css_animation=\u00bbappear\u00bb][vc_btn title=\u00bbCONTACTAR REPRESENTANTE\u00bb color=\u00bbprimary\u00bb align=\u00bbcenter\u00bb link=\u00bburl:http%3A%2F%2Fhighzsfishingtours.com%2Fes%2Fcontactos%2F||\u00bb button_block=\u00bbtrue\u00bb][\/vc_column_inner][\/vc_row_inner][vc_column_text]<\/p>\n<p style=\"text-align: justify;\"><strong class=\"selflink\">Puerto Plata<\/strong> posee algunas de las mejores playas del pa\u00eds como son Sos\u00faa, Playa Dorada, Maim\u00f3n, Cafemba, Playa Grande (de Luper\u00f3n), Cabarete, Long Beach, Longbichito. En algunas, como en Playa Dorada, Cofres\u00ed, Long Beach o Cabarete, se practican diversos tipos de deportes como las carreras de moto acu\u00e1ticas, surf, windsurf, kite o el velerismo. Otras playas se encuentran a lo largo del malec\u00f3n, o en Boca Nueva, Playa de Copello, Bergant\u00edn o La Mariposa.<\/p>\n<p style=\"text-align: justify;\">En adici\u00f3n a playas y deportes acu\u00e1ticos, en Puerto Plata puede practicarse el senderismo, el ciclismo, turismo de aventura o visitar las reservas y parques naturales como la Monta\u00f1a Isabel de Torres, la Laguna de Cabarete o Los Ca\u00f1os de Estero Hondo. O profundizar en su historia a trav\u00e9s de su arquitectura victoriana, la Fortaleza colonial de San Felipe o el asentamiento jud\u00edo de Sos\u00faa cerca del a\u00f1o 1940.<\/p>\n<p>[\/vc_column_text][vc_column_text]<\/p>\n<p style=\"text-align: justify;\"><strong>Historia:<\/strong> En 1493 La Isabela fue fundada por <a class=\"mw-redirect\" title=\"Cristobal Col\u00f3n\" href=\"https:\/\/es.wikipedia.org\/wiki\/Cristobal_Col%C3%B3n\" target=\"_blank\">Cristobal Col\u00f3n<\/a>, siendo el primer asentamiento europeo en Am\u00e9rica. Por su parte, Puerto Plata fue fundada por Nicol\u00e1s de Ovando en los inicios de la colonizaci\u00f3n hisp\u00e1nica, hacia 1502. Fue una de las ciudades devastadas en 1606 y no volvi\u00f3 a ser repoblada sino a partir de 1736. El advenimiento de los tiempos republicanos favoreci\u00f3 el desarrollo de la ciudad, que con el tiempo se convirti\u00f3 en el principal puerto de El Cibao, especialmente para exportar el tabaco de la regi\u00f3n.<\/p>\n<p style=\"text-align: justify;\">Mediante Resoluci\u00f3n del Congreso Nacional de fecha 6 de julio de 1867, Puerto Plata fue elevada de com\u00fan a Distrito Mar\u00edtimo. En 1870 fue sede del gobierno de <a title=\"Gregorio Luper\u00f3n\" href=\"https:\/\/es.wikipedia.org\/wiki\/Gregorio_Luper%C3%B3n\">Gregorio <\/a>Luper\u00f3n y fungi\u00f3 como capital interina de la Rep\u00fablica.<\/p>\n<p>[\/vc_column_text][\/vc_column][\/vc_row]\n<\/div>","protected":false},"excerpt":{"rendered":"<p>[vc_row][vc_column][vc_row_inner][vc_column_inner width=\u00bb2\/3&#8243;][vc_custom_heading text=\u00bbPesca de Fondo en Puerto Plata\u00bb font_container=\u00bbtag:h1|text_align:center|color:%231e73be\u00bb google_fonts=\u00bbfont_family:Open%20Sans%3A300%2C300italic%2Cregular%2Citalic%2C600%2C600italic%2C700%2C700italic%2C800%2C800italic|font_style:400%20regular%3A400%3Anormal\u00bb][vc_column_text] Pesca de Fondo:\u00a0La pesca a fondo desde la costa es una de las modalidades m\u00e1s practicadas en la actualidad, la raz\u00f3n m\u00e1s importante para que esto sea as\u00ed es la de que ofrece a quienes la practican m\u00e1s y mejores &hellip; <a class=\"readmore\" href=\"https:\/\/highzsfishingtours.com\/es\/tours\/pesca-de-fondo\/\">Continue reading <span class=\"meta-nav\">&rarr;<\/span><\/a><\/p>\n","protected":false},"author":1,"featured_media":0,"parent":1110,"menu_order":0,"comment_status":"closed","ping_status":"closed","template":"template\/template-landing-page-vc.php","meta":{"footnotes":""},"class_list":["post-1373","page","type-page","status-publish","hentry"],"_links":{"self":[{"href":"https:\/\/highzsfishingtours.com\/es\/wp-json\/wp\/v2\/pages\/1373","targetHints":{"allow":["GET"]}}],"collection":[{"href":"https:\/\/highzsfishingtours.com\/es\/wp-json\/wp\/v2\/pages"}],"about":[{"href":"https:\/\/highzsfishingtours.com\/es\/wp-json\/wp\/v2\/types\/page"}],"author":[{"embeddable":true,"href":"https:\/\/highzsfishingtours.com\/es\/wp-json\/wp\/v2\/users\/1"}],"replies":[{"embeddable":true,"href":"https:\/\/highzsfishingtours.com\/es\/wp-json\/wp\/v2\/comments?post=1373"}],"version-history":[{"count":6,"href":"https:\/\/highzsfishingtours.com\/es\/wp-json\/wp\/v2\/pages\/1373\/revisions"}],"predecessor-version":[{"id":1760,"href":"https:\/\/highzsfishingtours.com\/es\/wp-json\/wp\/v2\/pages\/1373\/revisions\/1760"}],"up":[{"embeddable":true,"href":"https:\/\/highzsfishingtours.com\/es\/wp-json\/wp\/v2\/pages\/1110"}],"wp:attachment":[{"href":"https:\/\/highzsfishingtours.com\/es\/wp-json\/wp\/v2\/media?parent=1373"}],"curies":[{"name":"wp","href":"https:\/\/api.w.org\/{rel}","templated":true}]}}