{"id":1368,"date":"2016-04-12T03:57:37","date_gmt":"2016-04-12T03:57:37","guid":{"rendered":"http:\/\/highzsfishingtours.com\/?page_id=1368"},"modified":"2016-06-28T00:28:43","modified_gmt":"2016-06-28T00:28:43","slug":"la-puesta-del-sol","status":"publish","type":"page","link":"https:\/\/highzsfishingtours.com\/es\/tours\/la-puesta-del-sol\/","title":{"rendered":"La Puesta del Sol"},"content":{"rendered":"<div class=\"wpb-content-wrapper\">[vc_row][vc_column][vc_row_inner][vc_column_inner width=\u00bb2\/3&#8243;][vc_custom_heading text=\u00bbLa Puesta del Sol\u00bb font_container=\u00bbtag:h1|text_align:center|color:%231e73be\u00bb google_fonts=\u00bbfont_family:Open%20Sans%3A300%2C300italic%2Cregular%2Citalic%2C600%2C600italic%2C700%2C700italic%2C800%2C800italic|font_style:400%20regular%3A400%3Anormal\u00bb][vc_column_text]<\/p>\n<p style=\"text-align: justify;\">La Puesta del Sol: Es un tour en el cual podemos observar la belleza de la puesta del sol desde el mar, disfrutando de sus colores y de la tranquilidad que transmite tal espect\u00e1culo. Usted puede elige desde donde le gustar\u00eda vivir esa experiencia ideal para parejas o familiares.<\/p>\n<p>[\/vc_column_text][\/vc_column_inner][vc_column_inner width=\u00bb1\/3&#8243;][jeg_spacing size=\u00bb25&#8243;][vc_single_image image=\u00bb1424&#8243; img_size=\u00bbfull\u00bb alignment=\u00bbcenter\u00bb css_animation=\u00bbappear\u00bb][vc_btn title=\u00bbCONTACTAR REPRESENTANTE\u00bb color=\u00bbprimary\u00bb align=\u00bbcenter\u00bb link=\u00bburl:http%3A%2F%2Fhighzsfishingtours.com%2Fes%2Fcontactos%2F||\u00bb button_block=\u00bbtrue\u00bb][\/vc_column_inner][\/vc_row_inner][vc_column_text]<\/p>\n<p style=\"text-align: justify;\">Nota: Se llama <b>crep\u00fasculo<\/b> a cierto intervalo antes de la salida o despu\u00e9s de la puesta del Sol, durante el cual el cielo se presenta iluminado. El crep\u00fasculo se produce porque la luz del Sol ilumina las capas altas de la atm\u00f3sfera. La luz se difunde en todas direcciones por las mol\u00e9culas del aire, llega al observador e ilumina todo su entorno.<\/p>\n<ul>\n<li style=\"text-align: justify;\"><b>Crep\u00fasculo matutino<\/b>: ocurre antes de la salida del Sol y se llama tambi\u00e9n <b>amanecer<\/b>, <b>aurora<\/b>, <b>alba<\/b>, <b>dil\u00faculo<\/b> o <b>lubric\u00e1n<\/b>.<\/li>\n<li style=\"text-align: justify;\"><b>Crep\u00fasculo vespertino<\/b>: ocurre tras la puesta del Sol, tambi\u00e9n llamada atardecer u ocaso.<\/li>\n<\/ul>\n<p>[\/vc_column_text][vc_column_text]<\/p>\n<p style=\"text-align: justify;\"><strong class=\"selflink\">Puerto Plata<\/strong> posee algunas de las mejores playas del pa\u00eds como son Sos\u00faa, Playa Dorada, Maim\u00f3n, Cafemba, Playa Grande (de Luper\u00f3n), Cabarete, Long Beach, Longbichito. En algunas, como en Playa Dorada, Cofres\u00ed, Long Beach o Cabarete, se practican diversos tipos de deportes como las carreras de moto acu\u00e1ticas, surf, windsurf, kite o el velerismo. Otras playas se encuentran a lo largo del malec\u00f3n, o en Boca Nueva, Playa de Copello, Bergant\u00edn o La Mariposa.<\/p>\n<p style=\"text-align: justify;\">En adici\u00f3n a playas y deportes acu\u00e1ticos, en Puerto Plata puede practicarse el senderismo, el ciclismo, turismo de aventura o visitar las reservas y parques naturales como la Monta\u00f1a Isabel de Torres, la Laguna de Cabarete o Los Ca\u00f1os de Estero Hondo. O profundizar en su historia a trav\u00e9s de su arquitectura victoriana, la Fortaleza colonial de San Felipe o el asentamiento jud\u00edo de Sos\u00faa cerca del a\u00f1o 1940.<\/p>\n<p>[\/vc_column_text][\/vc_column][\/vc_row]\n<\/div>","protected":false},"excerpt":{"rendered":"<p>[vc_row][vc_column][vc_row_inner][vc_column_inner width=\u00bb2\/3&#8243;][vc_custom_heading text=\u00bbLa Puesta del Sol\u00bb font_container=\u00bbtag:h1|text_align:center|color:%231e73be\u00bb google_fonts=\u00bbfont_family:Open%20Sans%3A300%2C300italic%2Cregular%2Citalic%2C600%2C600italic%2C700%2C700italic%2C800%2C800italic|font_style:400%20regular%3A400%3Anormal\u00bb][vc_column_text] La Puesta del Sol: Es un tour en el cual podemos observar la belleza de la puesta del sol desde el mar, disfrutando de sus colores y de la tranquilidad que transmite tal espect\u00e1culo. Usted puede elige desde donde le gustar\u00eda vivir &hellip; <a class=\"readmore\" href=\"https:\/\/highzsfishingtours.com\/es\/tours\/la-puesta-del-sol\/\">Continue reading <span class=\"meta-nav\">&rarr;<\/span><\/a><\/p>\n","protected":false},"author":1,"featured_media":0,"parent":1110,"menu_order":0,"comment_status":"closed","ping_status":"closed","template":"template\/template-landing-page-vc.php","meta":{"footnotes":""},"class_list":["post-1368","page","type-page","status-publish","hentry"],"_links":{"self":[{"href":"https:\/\/highzsfishingtours.com\/es\/wp-json\/wp\/v2\/pages\/1368","targetHints":{"allow":["GET"]}}],"collection":[{"href":"https:\/\/highzsfishingtours.com\/es\/wp-json\/wp\/v2\/pages"}],"about":[{"href":"https:\/\/highzsfishingtours.com\/es\/wp-json\/wp\/v2\/types\/page"}],"author":[{"embeddable":true,"href":"https:\/\/highzsfishingtours.com\/es\/wp-json\/wp\/v2\/users\/1"}],"replies":[{"embeddable":true,"href":"https:\/\/highzsfishingtours.com\/es\/wp-json\/wp\/v2\/comments?post=1368"}],"version-history":[{"count":8,"href":"https:\/\/highzsfishingtours.com\/es\/wp-json\/wp\/v2\/pages\/1368\/revisions"}],"predecessor-version":[{"id":1762,"href":"https:\/\/highzsfishingtours.com\/es\/wp-json\/wp\/v2\/pages\/1368\/revisions\/1762"}],"up":[{"embeddable":true,"href":"https:\/\/highzsfishingtours.com\/es\/wp-json\/wp\/v2\/pages\/1110"}],"wp:attachment":[{"href":"https:\/\/highzsfishingtours.com\/es\/wp-json\/wp\/v2\/media?parent=1368"}],"curies":[{"name":"wp","href":"https:\/\/api.w.org\/{rel}","templated":true}]}}