{"id":1116,"date":"2016-03-24T22:17:44","date_gmt":"2016-03-24T22:17:44","guid":{"rendered":"http:\/\/highzsfishingtours.com\/?page_id=1116"},"modified":"2016-05-11T18:05:25","modified_gmt":"2016-05-11T18:05:25","slug":"contactos","status":"publish","type":"page","link":"https:\/\/highzsfishingtours.com\/es\/contactos\/","title":{"rendered":"Contactos"},"content":{"rendered":"<div class=\"wpb-content-wrapper\">[vc_row section_id=\u00bbcontacto-text\u00bb section_name=\u00bbContactos\u00bb][vc_column][vc_custom_heading text=\u00bbFormulario de Contactos\u00bb font_container=\u00bbtag:h2|text_align:center\u00bb google_fonts=\u00bbfont_family:Open%20Sans%3A300%2C300italic%2Cregular%2Citalic%2C600%2C600italic%2C700%2C700italic%2C800%2C800italic|font_style:400%20regular%3A400%3Anormal\u00bb][vc_row_inner][vc_column_inner width=\u00bb1\/2&#8243;][vc_single_image image=\u00bb1424&#8243; img_size=\u00bbfull\u00bb alignment=\u00bbcenter\u00bb css_animation=\u00bbappear\u00bb][vc_column_text]<\/p>\n<p style=\"text-align: justify;\"><strong>High Z&#8217;s Fishing Tours:<\/strong> Gracias por visitar nuestro portal web, estamos interesado en lo que tienes para decirnos, no tengas miedo y escr\u00edbenos sobre el tema que desees, podemos ayudarte. Recuerde somos un equipo profesional con mas 30 a\u00f1os de experiencia en la pesca deportiva en Puerto Plata, Rep\u00fablica Dominicana.<\/p>\n<p><strong>Capit\u00e1n Nelson Herrera<\/strong><br \/>\n<strong>Cel.:<\/strong> <a href=\"tel:+8092996336\">+1 (809) 299-6336<\/a><\/p>\n<p><strong>Direcci\u00f3n:<\/strong> Ocean World Marina, Cofresi<br \/>\nPuerto Plata, Republica Dominicana<\/p>\n<p style=\"text-align: justify;\"><strong>E-Mail:<\/strong> <a href=\"mailto:info@highzsfishingtours.com\">info@highzsfishingtours.com<\/a><\/p>\n<p>[\/vc_column_text][vc_empty_space][vc_single_image image=\u00bb1235&#8243; img_size=\u00bbfull\u00bb alignment=\u00bbcenter\u00bb onclick=\u00bbcustom_link\u00bb img_link_target=\u00bb_blank\u00bb css_animation=\u00bbappear\u00bb link=\u00bbhttps:\/\/www.tripadvisor.com\/Attraction_Review-g147290-d4573013-Reviews-High_Z_s_Fishing_Tour-Puerto_Plata_Puerto_Plata_Province_Dominican_Republic.html\u00bb][\/vc_column_inner][vc_column_inner width=\u00bb1\/2&#8243;]\n<div class=\"wpcf7 no-js\" id=\"wpcf7-f1026-o1\" lang=\"en-US\" dir=\"ltr\" data-wpcf7-id=\"1026\">\n<div class=\"screen-reader-response\"><p role=\"status\" aria-live=\"polite\" aria-atomic=\"true\"><\/p> <ul><\/ul><\/div>\n<form action=\"\/es\/wp-json\/wp\/v2\/pages\/1116#wpcf7-f1026-o1\" method=\"post\" class=\"wpcf7-form init\" aria-label=\"Contact form\" novalidate=\"novalidate\" data-status=\"init\">\n<div style=\"display: none;\">\n<input type=\"hidden\" name=\"_wpcf7\" value=\"1026\" \/>\n<input type=\"hidden\" name=\"_wpcf7_version\" value=\"6.0.1\" \/>\n<input type=\"hidden\" name=\"_wpcf7_locale\" value=\"en_US\" \/>\n<input type=\"hidden\" name=\"_wpcf7_unit_tag\" value=\"wpcf7-f1026-o1\" \/>\n<input type=\"hidden\" name=\"_wpcf7_container_post\" value=\"0\" \/>\n<input type=\"hidden\" name=\"_wpcf7_posted_data_hash\" value=\"\" \/>\n<input type=\"hidden\" name=\"_wpcf7_recaptcha_response\" value=\"\" \/>\n<\/div>\n<p>Nombre (requerido)\n<\/p>\n<p><span class=\"wpcf7-form-control-wrap\" data-name=\"your-name\"><input size=\"40\" maxlength=\"400\" class=\"wpcf7-form-control wpcf7-text wpcf7-validates-as-required\" aria-required=\"true\" aria-invalid=\"false\" value=\"\" type=\"text\" name=\"your-name\" \/><\/span>\n<\/p>\n<p>Correo Electr\u00f3nico (requerido)\n<\/p>\n<p><span class=\"wpcf7-form-control-wrap\" data-name=\"your-email\"><input size=\"40\" maxlength=\"400\" class=\"wpcf7-form-control wpcf7-email wpcf7-validates-as-required wpcf7-text wpcf7-validates-as-email\" aria-required=\"true\" aria-invalid=\"false\" value=\"\" type=\"email\" name=\"your-email\" \/><\/span>\n<\/p>\n<p>Asunto\n<\/p>\n<p><span class=\"wpcf7-form-control-wrap\" data-name=\"your-subject\"><input size=\"40\" maxlength=\"400\" class=\"wpcf7-form-control wpcf7-text\" aria-invalid=\"false\" value=\"\" type=\"text\" name=\"your-subject\" \/><\/span>\n<\/p>\n<p>Su Mensaje\n<\/p>\n<p><span class=\"wpcf7-form-control-wrap\" data-name=\"your-message\"><textarea cols=\"40\" rows=\"10\" maxlength=\"2000\" class=\"wpcf7-form-control wpcf7-textarea\" aria-invalid=\"false\" name=\"your-message\"><\/textarea><\/span>\n<\/p>\n<p>C\u00f3digo de confirmaci\u00f3n\n<\/p>\n\n<p><input class=\"wpcf7-form-control wpcf7-submit has-spinner\" type=\"submit\" value=\"Enviar\" \/>\n<\/p><div class=\"wpcf7-response-output\" aria-hidden=\"true\"><\/div>\n<\/form>\n<\/div>\n[\/vc_column_inner][\/vc_row_inner][\/vc_column][\/vc_row][vc_row section_top_margin=\u00bbnotopmargin\u00bb section_bottom_margin=\u00bbnobottommargin\u00bb section_id=\u00bbmap-contac\u00bb section_name=\u00bbVer Mapa\u00bb][vc_column][jeg_fullwidth_map_wrapper zoom=\u00bb18&#8243; height=\u00bb550&#8243; title=\u00bbHigh Z&#8217;s Fishing Tours\u00bb lat=\u00bb19.828077&#8243; lng=\u00bb-70.730619&#8243;][jeg_fullwidth_map_detail text=\u00bbHigh Z&#8217;s Fidhing Tours\u00bb url=\u00bbhttp:\/\/highzsfishingtours.com\/nosotros\/\u00bb][\/jeg_fullwidth_map_wrapper][\/vc_column][\/vc_row]\n<\/div>","protected":false},"excerpt":{"rendered":"<p>[vc_row section_id=\u00bbcontacto-text\u00bb section_name=\u00bbContactos\u00bb][vc_column][vc_custom_heading text=\u00bbFormulario de Contactos\u00bb font_container=\u00bbtag:h2|text_align:center\u00bb google_fonts=\u00bbfont_family:Open%20Sans%3A300%2C300italic%2Cregular%2Citalic%2C600%2C600italic%2C700%2C700italic%2C800%2C800italic|font_style:400%20regular%3A400%3Anormal\u00bb][vc_row_inner][vc_column_inner width=\u00bb1\/2&#8243;][vc_single_image image=\u00bb1424&#8243; img_size=\u00bbfull\u00bb alignment=\u00bbcenter\u00bb css_animation=\u00bbappear\u00bb][vc_column_text] High Z&#8217;s Fishing Tours: Gracias por visitar nuestro portal web, estamos interesado en lo que tienes para decirnos, no tengas miedo y escr\u00edbenos sobre el tema que desees, podemos ayudarte. Recuerde somos un equipo profesional con mas &hellip; <a class=\"readmore\" href=\"https:\/\/highzsfishingtours.com\/es\/contactos\/\">Continue reading <span class=\"meta-nav\">&rarr;<\/span><\/a><\/p>\n","protected":false},"author":1,"featured_media":0,"parent":0,"menu_order":0,"comment_status":"closed","ping_status":"closed","template":"template\/template-landing-page-vc.php","meta":{"footnotes":""},"class_list":["post-1116","page","type-page","status-publish","hentry"],"_links":{"self":[{"href":"https:\/\/highzsfishingtours.com\/es\/wp-json\/wp\/v2\/pages\/1116","targetHints":{"allow":["GET"]}}],"collection":[{"href":"https:\/\/highzsfishingtours.com\/es\/wp-json\/wp\/v2\/pages"}],"about":[{"href":"https:\/\/highzsfishingtours.com\/es\/wp-json\/wp\/v2\/types\/page"}],"author":[{"embeddable":true,"href":"https:\/\/highzsfishingtours.com\/es\/wp-json\/wp\/v2\/users\/1"}],"replies":[{"embeddable":true,"href":"https:\/\/highzsfishingtours.com\/es\/wp-json\/wp\/v2\/comments?post=1116"}],"version-history":[{"count":21,"href":"https:\/\/highzsfishingtours.com\/es\/wp-json\/wp\/v2\/pages\/1116\/revisions"}],"predecessor-version":[{"id":1618,"href":"https:\/\/highzsfishingtours.com\/es\/wp-json\/wp\/v2\/pages\/1116\/revisions\/1618"}],"wp:attachment":[{"href":"https:\/\/highzsfishingtours.com\/es\/wp-json\/wp\/v2\/media?parent=1116"}],"curies":[{"name":"wp","href":"https:\/\/api.w.org\/{rel}","templated":true}]}}