{"id":1103,"date":"2016-03-24T22:10:08","date_gmt":"2016-03-24T22:10:08","guid":{"rendered":"http:\/\/highzsfishingtours.com\/?page_id=1103"},"modified":"2016-05-11T07:16:45","modified_gmt":"2016-05-11T07:16:45","slug":"nosotros","status":"publish","type":"page","link":"https:\/\/highzsfishingtours.com\/es\/nosotros\/","title":{"rendered":"Nosotros"},"content":{"rendered":"<div class=\"wpb-content-wrapper\">[vc_row][vc_column][vc_row_inner][vc_column_inner width=\u00bb2\/3&#8243;][vc_column_text]<\/p>\n<h1><strong>Nosotros<\/strong><\/h1>\n<p style=\"text-align: justify;\">High Z\u2019s Fishing Tours nace a principios del 2006<img loading=\"lazy\" decoding=\"async\" class=\"alignleft wp-image-1606 size-full\" src=\"http:\/\/highzsfishingtours.com\/wp-content\/uploads\/2016\/03\/Capitan-Nelson.jpg\" alt=\"Capitan Nelson\" width=\"170\" height=\"198\" \/> con el fin de ofrecer a todos nuestros turistas y locales en Puerto Plata, Rep\u00fablica Dominicana, ofreciendo el mejor servicio de pesca deportiva en la zona norte, nuestro principal Capit\u00e1n tiene diferentes certificados, cursos t\u00e9cnicos y m\u00e1s de 36 a\u00f1os de experiencia en la pesca comercial y deportiva, nuestro bote principal cuenta con todas las comodidades necesarias para estar c\u00f3modos y experimentar un viaje totalmente confortable.<\/p>\n<p style=\"text-align: justify;\">El barco cuenta con la capacidad m\u00e1xima de 12 personas,\u00a0El Capit\u00e1n Nelson Herreras cuenta aproximadamente con 37 a\u00f1os de experiencia en la pesca comercial y deportiva. Varias veces ganador de torneos nacional e internacionales.<\/p>\n<p style=\"text-align: justify;\">La empresa cuenta con 8 a\u00f1os ofreciendo los servicios de tour de pesca en Puerto Plata, ubicado en la Marina de Ocean World Cofresi, Puerto Plata, Rep\u00fablica Dominicana.<\/p>\n<p>[\/vc_column_text][\/vc_column_inner][vc_column_inner width=\u00bb1\/3&#8243;][vc_single_image image=\u00bb1424&#8243; img_size=\u00bbfull\u00bb alignment=\u00bbcenter\u00bb css_animation=\u00bbappear\u00bb][\/vc_column_inner][\/vc_row_inner][\/vc_column][\/vc_row]\n<\/div>","protected":false},"excerpt":{"rendered":"<p>[vc_row][vc_column][vc_row_inner][vc_column_inner width=\u00bb2\/3&#8243;][vc_column_text] Nosotros High Z\u2019s Fishing Tours nace a principios del 2006 con el fin de ofrecer a todos nuestros turistas y locales en Puerto Plata, Rep\u00fablica Dominicana, ofreciendo el mejor servicio de pesca deportiva en la zona norte, nuestro principal Capit\u00e1n tiene diferentes certificados, cursos t\u00e9cnicos y m\u00e1s de &hellip; <a class=\"readmore\" href=\"https:\/\/highzsfishingtours.com\/es\/nosotros\/\">Continue reading <span class=\"meta-nav\">&rarr;<\/span><\/a><\/p>\n","protected":false},"author":1,"featured_media":0,"parent":0,"menu_order":0,"comment_status":"closed","ping_status":"closed","template":"template\/template-landing-page-vc.php","meta":{"footnotes":""},"class_list":["post-1103","page","type-page","status-publish","hentry"],"_links":{"self":[{"href":"https:\/\/highzsfishingtours.com\/es\/wp-json\/wp\/v2\/pages\/1103","targetHints":{"allow":["GET"]}}],"collection":[{"href":"https:\/\/highzsfishingtours.com\/es\/wp-json\/wp\/v2\/pages"}],"about":[{"href":"https:\/\/highzsfishingtours.com\/es\/wp-json\/wp\/v2\/types\/page"}],"author":[{"embeddable":true,"href":"https:\/\/highzsfishingtours.com\/es\/wp-json\/wp\/v2\/users\/1"}],"replies":[{"embeddable":true,"href":"https:\/\/highzsfishingtours.com\/es\/wp-json\/wp\/v2\/comments?post=1103"}],"version-history":[{"count":6,"href":"https:\/\/highzsfishingtours.com\/es\/wp-json\/wp\/v2\/pages\/1103\/revisions"}],"predecessor-version":[{"id":1607,"href":"https:\/\/highzsfishingtours.com\/es\/wp-json\/wp\/v2\/pages\/1103\/revisions\/1607"}],"wp:attachment":[{"href":"https:\/\/highzsfishingtours.com\/es\/wp-json\/wp\/v2\/media?parent=1103"}],"curies":[{"name":"wp","href":"https:\/\/api.w.org\/{rel}","templated":true}]}}